{"id":3510,"date":"2017-05-18T15:58:12","date_gmt":"2017-05-18T13:58:12","guid":{"rendered":"http:\/\/vallee-aldudes.com\/loisirs-sports\/randonnee\/"},"modified":"2017-06-06T17:11:23","modified_gmt":"2017-06-06T15:11:23","slug":"ibilbideak","status":"publish","type":"page","link":"https:\/\/vallee-aldudes.com\/eu\/kirolak-aisialdiak\/ibilbideak\/","title":{"rendered":"IBILBIDEAK"},"content":{"rendered":"<p>[vc_row css=&#8221;.vc_custom_1495102052139{padding-top: 20px !important;}&#8221;][vc_column][apus_title_heading title=&#8221;Aldude ibarrean egiten ahal diren ibilbideak&#8221; font_color=&#8221;#222222&#8243;][vc_row_inner][vc_column_inner width=&#8221;1\/3&#8243;][vc_single_image image=&#8221;3052&#8243; img_size=&#8221;full&#8221;][\/vc_column_inner][vc_column_inner width=&#8221;2\/3&#8243;][vc_column_text css_animation=&#8221;bottom-to-top&#8221; css=&#8221;.vc_custom_1496301248159{margin-top: 20px !important;}&#8221;]<\/p>\n<p style=\"text-align: justify;\"><strong>Natura\u2026 amultsuki!<\/strong><\/p>\n<p>Miru, sai ete beste begirale frangorek atxikitzen duten xoko gordea.<br \/>\nMendi babesgarriz eta oihan mistikoez josirik den ibarra, iturri ainitzen sorlekua eta herri ttipien goxalekua.<br \/>\nUrteak lasaiki pasatzen dituzten basakanpo xoragarriak.<br \/>\nHemen, denborak eraginik ez balu bezala doa bizia.<br \/>\nHirietako lasterbizitik urrun, natura eta bere sasoinen urratsean goaz.<br \/>\n<strong>Lasaitu. Naturaren koloreak jaunzten dituen paradisu hunek xarmatuko zitu, dudarik gabe!<br \/>\n<\/strong>[\/vc_column_text][\/vc_column_inner][\/vc_row_inner][vc_row_inner][vc_column_inner][vc_column_text css_animation=&#8221;bottom-to-top&#8221; css=&#8221;.vc_custom_1496301364641{margin-top: 20px !important;}&#8221;]<\/p>\n<p style=\"text-align: justify;\"><strong>Ibilbideak<\/strong><br \/>\nMarkatuak diren ibilbideak segituz edo zuhaun baitarik leku xoragarriak deskubrituz, Aldudeko ibarrak ibiltzeko aukera ainitz emanen dauzkizu.<br \/>\nBakarrik, taldeka edo familiarekin, izanen duzu zer auta!<\/p>\n<p>Huna hemen markatuak diren ibilaldi zonbait:<\/p>\n<p><strong>Oinez ibiltzeko<\/strong><br \/>\n&#8211; PR ibilbideak, oriz markatuak<br \/>\n-GR10 eta GR11 (Sentier de Grande Randonn\u00e9e) gorri eta xuriz markatuak<br \/>\n-HRP (Haute Randonn\u00e9e Pyr\u00e9n\u00e9enne) 3garren eta 4garren etapak (oinezkari ziurtatuendako) kasu! ez da bide hau hain ongi markatua!<\/p>\n<p><strong>Beste manera batean ibiltzeko<\/strong><br \/>\n&#8211; \u201cEuskal herriko zeharkatze haundia BTTez\u201d gorriz markatua<br \/>\n&#8211; \u201cKontrabandisten bidexka\u201d zaldiekin ibiltzeko bidea, iranjez markatua[\/vc_column_text][\/vc_column_inner][\/vc_row_inner][vc_column_text css_animation=&#8221;bottom-to-top&#8221;]<\/p>\n<div class=\"widget-app\">\n<p style=\"text-align: center;\"><a class=\"btn btn-theme btn-outline-dark\" href=\"\/?job_listing_category=ibilbidea\"><i class=\"\"><\/i><span style=\"color: #ffffff;\">IBILBIDEAK IKUSI<\/span><\/a><\/p>\n<\/div>\n<p>[\/vc_column_text][\/vc_column][\/vc_row][vc_row css=&#8221;.vc_custom_1485514766758{padding-top: 75px !important;padding-bottom: 45px !important;background-color: #b5b8bd !important;}&#8221;][vc_column][vc_column_text]<\/p>\n<div class=\"call light\">\n<h3 class=\"title\">Zerbait jakin nahi?<\/h3>\n<p><span class=\"info\"><i class=\"fa fa-envelope-o\"><\/i> contact@vallee-aldudes.com<\/span><span class=\"info\"><i class=\"fa fa-phone\"><\/i> 06.02.16.48.44<\/span><\/p>\n<\/div>\n<p>[\/vc_column_text][\/vc_column][\/vc_row]<\/p>\n","protected":false},"excerpt":{"rendered":"<p>[vc_row css=&#8221;.vc_custom_1495102052139{padding-top: 20px !important;}&#8221;][vc_column][apus_title_heading title=&#8221;Aldude ibarrean egiten ahal diren ibilbideak&#8221; font_color=&#8221;#222222&#8243;][vc_row_inner][vc_column_inner width=&#8221;1\/3&#8243;][vc_single_image image=&#8221;3052&#8243; img_size=&#8221;full&#8221;][\/vc_column_inner][vc_column_inner width=&#8221;2\/3&#8243;][vc_column_text css_animation=&#8221;bottom-to-top&#8221; css=&#8221;.vc_custom_1496301248159{margin-top: 20px !important;}&#8221;] Natura\u2026 amultsuki! Miru, sai ete beste begirale frangorek atxikitzen duten xoko gordea. Mendi babesgarriz eta oihan mistikoez josirik den ibarra, iturri ainitzen sorlekua eta herri ttipien goxalekua. Urteak lasaiki pasatzen dituzten basakanpo xoragarriak. Hemen, denborak eraginik &hellip; <br \/><a href=\"https:\/\/vallee-aldudes.com\/eu\/kirolak-aisialdiak\/ibilbideak\/\" class=\"more-link\">Continue reading <span class=\"screen-reader-text\">IBILBIDEAK<\/span><\/a><\/p>\n","protected":false},"author":1,"featured_media":3239,"parent":3237,"menu_order":0,"comment_status":"closed","ping_status":"closed","template":"","meta":{"_monsterinsights_skip_tracking":false,"_monsterinsights_sitenote_active":false,"_monsterinsights_sitenote_note":"","_monsterinsights_sitenote_category":0,"footnotes":""},"yoast_head":"<!-- This site is optimized with the Yoast SEO plugin v22.1 - https:\/\/yoast.com\/wordpress\/plugins\/seo\/ -->\n<title>IBILBIDEAK - LA VALL\u00c9E DES ALDUDES<\/title>\n<meta name=\"robots\" content=\"index, follow, max-snippet:-1, max-image-preview:large, max-video-preview:-1\" \/>\n<link rel=\"canonical\" href=\"https:\/\/vallee-aldudes.com\/loisirs-sports\/randonnee\/\" \/>\n<meta property=\"og:locale\" content=\"eu_ES\" \/>\n<meta property=\"og:type\" content=\"article\" \/>\n<meta property=\"og:title\" content=\"IBILBIDEAK - LA VALL\u00c9E DES ALDUDES\" \/>\n<meta property=\"og:description\" content=\"[vc_row css=&#8221;.vc_custom_1495102052139{padding-top: 20px !important;}&#8221;][vc_column][apus_title_heading title=&#8221;Aldude ibarrean egiten ahal diren ibilbideak&#8221; font_color=&#8221;#222222&#8243;][vc_row_inner][vc_column_inner width=&#8221;1\/3&#8243;][vc_single_image image=&#8221;3052&#8243; img_size=&#8221;full&#8221;][\/vc_column_inner][vc_column_inner width=&#8221;2\/3&#8243;][vc_column_text css_animation=&#8221;bottom-to-top&#8221; css=&#8221;.vc_custom_1496301248159{margin-top: 20px !important;}&#8221;] Natura\u2026 amultsuki! Miru, sai ete beste begirale frangorek atxikitzen duten xoko gordea. Mendi babesgarriz eta oihan mistikoez josirik den ibarra, iturri ainitzen sorlekua eta herri ttipien goxalekua. Urteak lasaiki pasatzen dituzten basakanpo xoragarriak. Hemen, denborak eraginik &hellip; Continue reading IBILBIDEAK\" \/>\n<meta property=\"og:url\" content=\"https:\/\/vallee-aldudes.com\/loisirs-sports\/randonnee\/\" \/>\n<meta property=\"og:site_name\" content=\"LA VALL\u00c9E DES ALDUDES\" \/>\n<meta property=\"article:modified_time\" content=\"2017-06-06T15:11:23+00:00\" \/>\n<meta property=\"og:image\" content=\"http:\/\/vallee-aldudes.com\/wp-content\/uploads\/2017\/01\/histoire.jpg\" \/>\n\t<meta property=\"og:image:width\" content=\"1920\" \/>\n\t<meta property=\"og:image:height\" content=\"410\" \/>\n\t<meta property=\"og:image:type\" content=\"image\/jpeg\" \/>\n<meta name=\"twitter:card\" content=\"summary_large_image\" \/>\n<meta name=\"twitter:label1\" content=\"Est. reading time\" \/>\n\t<meta name=\"twitter:data1\" content=\"1 minute\" \/>\n<script type=\"application\/ld+json\" class=\"yoast-schema-graph\">{\"@context\":\"https:\/\/schema.org\",\"@graph\":[{\"@type\":\"WebPage\",\"@id\":\"https:\/\/vallee-aldudes.com\/loisirs-sports\/randonnee\/\",\"url\":\"https:\/\/vallee-aldudes.com\/loisirs-sports\/randonnee\/\",\"name\":\"IBILBIDEAK - LA VALL\u00c9E DES ALDUDES\",\"isPartOf\":{\"@id\":\"https:\/\/vallee-aldudes.com\/eu\/#website\"},\"datePublished\":\"2017-05-18T13:58:12+00:00\",\"dateModified\":\"2017-06-06T15:11:23+00:00\",\"breadcrumb\":{\"@id\":\"https:\/\/vallee-aldudes.com\/loisirs-sports\/randonnee\/#breadcrumb\"},\"inLanguage\":\"eu-ES\",\"potentialAction\":[{\"@type\":\"ReadAction\",\"target\":[\"https:\/\/vallee-aldudes.com\/loisirs-sports\/randonnee\/\"]}]},{\"@type\":\"BreadcrumbList\",\"@id\":\"https:\/\/vallee-aldudes.com\/loisirs-sports\/randonnee\/#breadcrumb\",\"itemListElement\":[{\"@type\":\"ListItem\",\"position\":1,\"name\":\"Accueil\",\"item\":\"https:\/\/vallee-aldudes.com\/eu\/\"},{\"@type\":\"ListItem\",\"position\":2,\"name\":\"Kirolak &#8211; Aisialdiak\",\"item\":\"https:\/\/vallee-aldudes.com\/eu\/kirolak-aisialdiak\/\"},{\"@type\":\"ListItem\",\"position\":3,\"name\":\"IBILBIDEAK\"}]},{\"@type\":\"WebSite\",\"@id\":\"https:\/\/vallee-aldudes.com\/eu\/#website\",\"url\":\"https:\/\/vallee-aldudes.com\/eu\/\",\"name\":\"LA VALL\u00c9E DES ALDUDES\",\"description\":\"\",\"potentialAction\":[{\"@type\":\"SearchAction\",\"target\":{\"@type\":\"EntryPoint\",\"urlTemplate\":\"https:\/\/vallee-aldudes.com\/eu\/?s={search_term_string}\"},\"query-input\":\"required name=search_term_string\"}],\"inLanguage\":\"eu-ES\"}]}<\/script>\n<!-- \/ Yoast SEO plugin. -->","yoast_head_json":{"title":"IBILBIDEAK - LA VALL\u00c9E DES ALDUDES","robots":{"index":"index","follow":"follow","max-snippet":"max-snippet:-1","max-image-preview":"max-image-preview:large","max-video-preview":"max-video-preview:-1"},"canonical":"https:\/\/vallee-aldudes.com\/loisirs-sports\/randonnee\/","og_locale":"eu_ES","og_type":"article","og_title":"IBILBIDEAK - LA VALL\u00c9E DES ALDUDES","og_description":"[vc_row css=&#8221;.vc_custom_1495102052139{padding-top: 20px !important;}&#8221;][vc_column][apus_title_heading title=&#8221;Aldude ibarrean egiten ahal diren ibilbideak&#8221; font_color=&#8221;#222222&#8243;][vc_row_inner][vc_column_inner width=&#8221;1\/3&#8243;][vc_single_image image=&#8221;3052&#8243; img_size=&#8221;full&#8221;][\/vc_column_inner][vc_column_inner width=&#8221;2\/3&#8243;][vc_column_text css_animation=&#8221;bottom-to-top&#8221; css=&#8221;.vc_custom_1496301248159{margin-top: 20px !important;}&#8221;] Natura\u2026 amultsuki! Miru, sai ete beste begirale frangorek atxikitzen duten xoko gordea. Mendi babesgarriz eta oihan mistikoez josirik den ibarra, iturri ainitzen sorlekua eta herri ttipien goxalekua. Urteak lasaiki pasatzen dituzten basakanpo xoragarriak. Hemen, denborak eraginik &hellip; Continue reading IBILBIDEAK","og_url":"https:\/\/vallee-aldudes.com\/loisirs-sports\/randonnee\/","og_site_name":"LA VALL\u00c9E DES ALDUDES","article_modified_time":"2017-06-06T15:11:23+00:00","og_image":[{"width":1920,"height":410,"url":"http:\/\/vallee-aldudes.com\/wp-content\/uploads\/2017\/01\/histoire.jpg","type":"image\/jpeg"}],"twitter_card":"summary_large_image","twitter_misc":{"Est. reading time":"1 minute"},"schema":{"@context":"https:\/\/schema.org","@graph":[{"@type":"WebPage","@id":"https:\/\/vallee-aldudes.com\/loisirs-sports\/randonnee\/","url":"https:\/\/vallee-aldudes.com\/loisirs-sports\/randonnee\/","name":"IBILBIDEAK - LA VALL\u00c9E DES ALDUDES","isPartOf":{"@id":"https:\/\/vallee-aldudes.com\/eu\/#website"},"datePublished":"2017-05-18T13:58:12+00:00","dateModified":"2017-06-06T15:11:23+00:00","breadcrumb":{"@id":"https:\/\/vallee-aldudes.com\/loisirs-sports\/randonnee\/#breadcrumb"},"inLanguage":"eu-ES","potentialAction":[{"@type":"ReadAction","target":["https:\/\/vallee-aldudes.com\/loisirs-sports\/randonnee\/"]}]},{"@type":"BreadcrumbList","@id":"https:\/\/vallee-aldudes.com\/loisirs-sports\/randonnee\/#breadcrumb","itemListElement":[{"@type":"ListItem","position":1,"name":"Accueil","item":"https:\/\/vallee-aldudes.com\/eu\/"},{"@type":"ListItem","position":2,"name":"Kirolak &#8211; Aisialdiak","item":"https:\/\/vallee-aldudes.com\/eu\/kirolak-aisialdiak\/"},{"@type":"ListItem","position":3,"name":"IBILBIDEAK"}]},{"@type":"WebSite","@id":"https:\/\/vallee-aldudes.com\/eu\/#website","url":"https:\/\/vallee-aldudes.com\/eu\/","name":"LA VALL\u00c9E DES ALDUDES","description":"","potentialAction":[{"@type":"SearchAction","target":{"@type":"EntryPoint","urlTemplate":"https:\/\/vallee-aldudes.com\/eu\/?s={search_term_string}"},"query-input":"required name=search_term_string"}],"inLanguage":"eu-ES"}]}},"_links":{"self":[{"href":"https:\/\/vallee-aldudes.com\/eu\/wp-json\/wp\/v2\/pages\/3510"}],"collection":[{"href":"https:\/\/vallee-aldudes.com\/eu\/wp-json\/wp\/v2\/pages"}],"about":[{"href":"https:\/\/vallee-aldudes.com\/eu\/wp-json\/wp\/v2\/types\/page"}],"author":[{"embeddable":true,"href":"https:\/\/vallee-aldudes.com\/eu\/wp-json\/wp\/v2\/users\/1"}],"replies":[{"embeddable":true,"href":"https:\/\/vallee-aldudes.com\/eu\/wp-json\/wp\/v2\/comments?post=3510"}],"version-history":[{"count":6,"href":"https:\/\/vallee-aldudes.com\/eu\/wp-json\/wp\/v2\/pages\/3510\/revisions"}],"predecessor-version":[{"id":3805,"href":"https:\/\/vallee-aldudes.com\/eu\/wp-json\/wp\/v2\/pages\/3510\/revisions\/3805"}],"up":[{"embeddable":true,"href":"https:\/\/vallee-aldudes.com\/eu\/wp-json\/wp\/v2\/pages\/3237"}],"wp:featuredmedia":[{"embeddable":true,"href":"https:\/\/vallee-aldudes.com\/eu\/wp-json\/wp\/v2\/media\/3239"}],"wp:attachment":[{"href":"https:\/\/vallee-aldudes.com\/eu\/wp-json\/wp\/v2\/media?parent=3510"}],"curies":[{"name":"wp","href":"https:\/\/api.w.org\/{rel}","templated":true}]}}